{"id":431,"date":"2024-08-16T12:28:19","date_gmt":"2024-08-16T10:28:19","guid":{"rendered":"https:\/\/finanxe-nederlagen.top-toernooi.nl\/2024\/?page_id=431"},"modified":"2024-08-16T13:29:40","modified_gmt":"2024-08-16T11:29:40","slug":"sponsor-belicht","status":"publish","type":"page","link":"https:\/\/finanxe-nederlagen.top-toernooi.nl\/2024\/sponsor-belicht\/","title":{"rendered":"Sponsor belicht"},"content":{"rendered":"<div class=\"\" style=\"\" >\n    \n    <section class=\"u-clearfix u-grey-40 u-section-2\" id=\"sec-1cd8\">\n      <div class=\"u-clearfix u-sheet u-valign-middle u-sheet-1\">\n        <h2 class=\"u-align-center-lg u-align-center-md u-align-center-sm u-align-center-xs u-text u-text-custom-color-1 u-text-1\" data-animation-name=\"customAnimationIn\" data-animation-duration=\"2000\" data-animation-delay=\"0\"><b><\/b>\n          <span class=\"u-text-white\">JA EVENTS<\/span> blijft trouwe sponsor van het TOP-Toernooi.\n        <\/h2>\n        <p class=\"u-align-center u-text u-text-2\" data-animation-name=\"customAnimationIn\" data-animation-duration=\"1000\" data-animation-delay=\"0\"> Ondanks dat de naam JA Events nieuw is op het sportpark \u2018Het Noorderslag\u2019, zijn de mensen achter dit bedrijf al jaren trouwe sponsor bij vv Staphorst en het TOP-Toernooi. Dit deden ze toen&nbsp;eerder onder de naam van Cateringservice De Patrijs\/Koggel Events.&nbsp;<br>Sinds 1 juli van dit jaar is er besloten om de namen van: de Patrijs en Koggel Events samen te voegen tot \u00e9\u00e9n nieuwe herkenbare naam.&nbsp;<br>Een nieuwe naam, met dezelfde vertrouwde service.\n        <\/p>\n        <img decoding=\"async\" class=\"u-image u-image-default u-image-1\" src=\"https:\/\/finanxe-nederlagen.top-toernooi.nl\/2024\/wp-content\/uploads\/2024\/08\/JA-events-nick-jan.jpg\" alt=\"\" data-image-width=\"1105\" data-image-height=\"735\" data-animation-name=\"customAnimationIn\" data-animation-duration=\"1000\" data-animation-delay=\"1000\">\n        <p class=\"u-align-center u-text u-text-3\" data-animation-name=\"customAnimationIn\" data-animation-duration=\"2000\" data-animation-delay=\"1000\">\n          <span class=\"u-text-black\">\n            <span style=\"font-weight: 700;\">Nick Eggen<\/span>\n          <\/span>(links) wordt bedankt door <span class=\"u-text-black\" style=\"font-weight: 700;\">Jan Hof <\/span>(rechts) namens de toernooicommissie van vv Staphorst, voor het voortzetten van het sponsorcontract met JA Events van het TOP-Toernooi. <br>\n          <span class=\"u-text-black\" style=\"font-style: italic;\">(foto Marian Bruinsma)<\/span>\n        <\/p>\n        <p class=\"u-align-center u-text u-text-4\" data-animation-name=\"customAnimationIn\" data-animation-duration=\"1000\" data-animation-delay=\"0\">\n          <span style=\"font-weight: 700;\" class=\"u-text-black\"> \u00e9\u00e9n team, \u00e9\u00e9n smaak <\/span>\n          <br>Al sinds 2001 is JA Events (uitgegroeid naar 93 medewerkers) h\u00e9t adres voor uw catering en events.&nbsp;<br>JA Events biedt een uitgebreid arrangement aan catering en evenementen mogelijkheden en is continu bezig zichzelf nog meer te ontwikkelen.&nbsp;<br>Met een keukenteam en ervaren eventmanagers organiseren wij voor particulieren en bedrijven feesten van 10 tot 1.000 man of meer.&nbsp;<br>Alles is mogelijk! <br>\n          <span style=\"font-weight: 700;\" class=\"u-text-black\">Team JA Events&nbsp;<\/span>\n        <\/p>\n        <blockquote class=\"u-align-center u-text u-text-black u-text-5\" data-animation-name=\"customAnimationIn\" data-animation-duration=\"1000\" data-animation-delay=\"1000\">\u201cGoed is voor ons niet genoeg. Bovendien houden wij onszelf met deze vraag scherp zodat we steeds weer kunnen verrassen, verbazen en vernieuwen.&nbsp;<br>Dit doen we geheel op eigen wijze, zeer professioneel, een tikkeltje gek en soms uit een onverwachte hoek\u201d.&nbsp;\n        <\/blockquote>\n        <p class=\"u-align-center u-text u-text-6\" data-animation-name=\"customAnimationIn\" data-animation-duration=\"1000\" data-animation-delay=\"0\">\n          <span style=\"font-weight: 700;\" class=\"u-text-black\"> Hoe het allemaal begon: <\/span>\n          <br>In 1986 begon Egbert Eggen met Cafetaria Eggen waarbij kwaliteit en gezelligheid altijd hoog in het vaandel stonden.&nbsp;<br>In 2000 is Egbert hier mee gestopt en in 2001 is hij begonnen met&nbsp;Cateringservice De Patrijs.&nbsp;<br>Nadat hij de locatie aan de Patrijs 22 uit was gegroeid, is hij verhuisd naar een schuur van Slager om vanuit hier te starten met maaltijden voor Rollecate.&nbsp;<br>In 2003 verhuisde Cateringservice De Patrijs naar D\u2019 Olde Skoele in Rouveen en vanuit hier begon de <br>specialisatie in het leveren van catering\n        <\/p>\n        <p class=\"u-align-center u-text u-text-7\" data-animation-name=\"customAnimationIn\" data-animation-duration=\"1000\" data-animation-delay=\"0\">\n          <span style=\"font-weight: 700;\" class=\"u-text-black\">Onze historie: <\/span>\n          <br>\n          <span class=\"u-text-custom-color-1\" style=\"font-weight: 700;\">1986 <\/span>\n          <span style=\"font-weight: 700;\">\n            <br>\n          <\/span>Egbert Eggen opent een caf\u00e9 met cafetaria. Hoge kwaliteit en tevreden gasten staan voorop.&nbsp;\n        <\/p>\n        <p class=\"u-align-center u-text u-text-8\" data-animation-name=\"customAnimationIn\" data-animation-duration=\"1000\" data-animation-delay=\"0\">\n          <span class=\"u-text-custom-color-1\" style=\"font-weight: 700;\"> 2000 <\/span>\n          <br>Egbert stopt met Cafetaria Eggen.\n        <\/p>\n        <p class=\"u-align-center u-text u-text-9\" data-animation-name=\"customAnimationIn\" data-animation-duration=\"1000\" data-animation-delay=\"0\">\n          <span style=\"font-weight: 700;\" class=\"u-text-custom-color-1\"> 2001 <\/span>\n          <br>Egbert Eggen begint in 2001 met Catering Service de Patrijs in de garage van het woonhuis aan de Patrijs 22.<br>&nbsp;Eind 2001 wordt het eerste professionele gasstel gekocht en is Catering Service de Patrijs verhuisd naar een grotere garage bij Klaas Slager.&nbsp;<br>Vanaf toen werd er een start gemaakt met de maaltijden voor de Rollecate.&nbsp;\n        <\/p>\n        <p class=\"u-align-center u-text u-text-10\" data-animation-name=\"customAnimationIn\" data-animation-duration=\"1000\" data-animation-delay=\"0\">\n          <span style=\"font-weight: 700;\" class=\"u-text-custom-color-1\"> 2003 <\/span>\n          <br>Jennie stopt in de thuiszorg en begint met helpen in de catering.&nbsp;<br>Dennis en Nick zijn op jonge leeftijd al begonnen met glazen spoelen op een kratje voor de wasbak.&nbsp;<br>Eind dit jaar wordt D' Olde Skoele in Rouveen gekocht om van daaruit catering te verzorgen en als hobby af en toe een feestje in de zaal te verzorgen.\n        <\/p>\n        <p class=\"u-align-center u-text u-text-11\" data-animation-name=\"customAnimationIn\" data-animation-duration=\"1000\" data-animation-delay=\"0\">\n          <span style=\"font-weight: 700;\" class=\"u-text-custom-color-1\"> 2007 <\/span>\n          <br>De s\u00e9rre wordt bij de grote zaal aangebouwd om zo uitbreiding van feestjes mogelijk te maken.&nbsp;\n        <\/p>\n        <p class=\"u-align-center u-text u-text-12\" data-animation-name=\"customAnimationIn\" data-animation-duration=\"1000\" data-animation-delay=\"0\">\n          <span style=\"font-weight: 700;\" class=\"u-text-custom-color-1\"> 2013 <\/span>\n          <br>Dennis en Nick komen na hun opleiding bij het bedrijf in en tegelijk wordt het pand voor de zaal aangekocht en verbouwt tot 2e feestzaal met kantoor op de bovenverdieping.&nbsp;\n        <\/p>\n        <p class=\"u-align-center u-text u-text-13\" data-animation-name=\"customAnimationIn\" data-animation-duration=\"1000\" data-animation-delay=\"0\">\n          <span style=\"font-weight: 700;\" class=\"u-text-custom-color-1\">2015 <\/span>\n          <br>Jacob Kok komt werken als full time chef kok, de keuken wordt verbouwd voor het zelf bereiden van buffetten\/barbecues en meer.&nbsp;\n        <\/p>\n        <p class=\"u-align-center u-text u-text-14\" data-animation-name=\"customAnimationIn\" data-animation-duration=\"1000\" data-animation-delay=\"0\">\n          <span style=\"font-weight: 700;\" class=\"u-text-custom-color-1\"> 2020 <\/span>\n          <br>Catering Service De Patrijs koopt Koggel Events uit Balkbrug, om zo een full-service aan te bieden voor feesten en partijen op locatie.&nbsp;\n        <\/p>\n        <p class=\"u-align-center u-text u-text-15\" data-animation-name=\"customAnimationIn\" data-animation-duration=\"1000\" data-animation-delay=\"0\">\n          <span style=\"font-weight: 700;\" class=\"u-text-custom-color-1\"> 2023 <\/span>\n          <br>In 2022 hebben wij Discotheek Kisteman overgenomen, een bekende uitgaansgelegenheid in Staphorst en een van de laatste echte discotheken in de regio.&nbsp;\n        <\/p>\n        <p class=\"u-align-center u-text u-text-16\" data-animation-name=\"customAnimationIn\" data-animation-duration=\"1000\" data-animation-delay=\"0\">\n          <span style=\"font-weight: 700;\" class=\"u-text-custom-color-1\"> 2024 <\/span>\n          <br>Sinds 2024 hebben we besloten om de namen de Patrijs en Koggel Events samen te voegen tot \u00e9\u00e9n nieuwe, herkenbare naam.&nbsp;<br>We zullen vanaf nu verder gaan als <span class=\"u-text-black\">JA Events<\/span>.&nbsp;<br>Een nieuwe naam,&nbsp;met dezelfde vertrouwde service.\n        <\/p>\n        <p class=\"u-align-center u-text u-text-17\" data-custom-animation=\"{&quot;animation&quot;:{&quot;XXL&quot;:{&quot;steps&quot;:[],&quot;hidden&quot;:false,&quot;start&quot;:{&quot;at&quot;:&quot;bottom&quot;,&quot;off&quot;:0},&quot;end&quot;:{&quot;at&quot;:&quot;top&quot;,&quot;off&quot;:0}},&quot;XL&quot;:{&quot;steps&quot;:[{&quot;dist&quot;:0.55,&quot;skip&quot;:0,&quot;blur&quot;:10,&quot;sticky&quot;:false,&quot;fixed&quot;:true,&quot;mx&quot;:0,&quot;my&quot;:0,&quot;op&quot;:0,&quot;rot&quot;:0,&quot;sx&quot;:3,&quot;sy&quot;:3,&quot;bgy&quot;:0}],&quot;hidden&quot;:false,&quot;start&quot;:{&quot;at&quot;:&quot;middle&quot;,&quot;off&quot;:0},&quot;end&quot;:{&quot;at&quot;:&quot;top&quot;,&quot;off&quot;:0}},&quot;LG&quot;:{&quot;steps&quot;:[],&quot;hidden&quot;:false,&quot;start&quot;:{&quot;at&quot;:&quot;bottom&quot;,&quot;off&quot;:0},&quot;end&quot;:{&quot;at&quot;:&quot;top&quot;,&quot;off&quot;:0}},&quot;MD&quot;:{&quot;steps&quot;:[],&quot;hidden&quot;:false,&quot;start&quot;:{&quot;at&quot;:&quot;bottom&quot;,&quot;off&quot;:0},&quot;end&quot;:{&quot;at&quot;:&quot;top&quot;,&quot;off&quot;:0}},&quot;SM&quot;:{&quot;steps&quot;:[],&quot;hidden&quot;:true,&quot;start&quot;:{&quot;at&quot;:&quot;bottom&quot;,&quot;off&quot;:0},&quot;end&quot;:{&quot;at&quot;:&quot;top&quot;,&quot;off&quot;:0}},&quot;XS&quot;:{&quot;steps&quot;:[],&quot;hidden&quot;:true,&quot;start&quot;:{&quot;at&quot;:&quot;bottom&quot;,&quot;off&quot;:0},&quot;end&quot;:{&quot;at&quot;:&quot;top&quot;,&quot;off&quot;:0}}},&quot;container&quot;:&quot;&quot;}\">\n          <span style=\"font-weight: 700;\" class=\"u-text-black\"> Waarmee kunnen we u helpen? <\/span>\n          <br>JA Events, al sinds 2001 het adres voor uw catering en events.&nbsp;<br>Ontdek de mogelijkheden voor uw volgende feest of evenement!<br>\n        <\/p>\n        <p class=\"u-align-center u-text u-text-18\">\n          <a class=\"u-btn u-button-link u-button-style u-text-active-custom-color-1 u-text-custom-color-5 u-text-hover-palette-1-base u-btn-1\" data-href=\"http:\/\/\u200bwww.jaevents.nl\" data-target=\"_blank\" data-animation-name=\"customAnimationIn\" data-animation-duration=\"4000\" data-animation-delay=\"0\"> www.jaevents.nl<\/a>\n        <\/p>\n      <\/div>\n    <\/section>\n    \n    \n    \n  \n<\/div>","protected":false},"excerpt":{"rendered":"<p>JA EVENTS blijft trouwe sponsor van het TOP-Toernooi. Ondanks dat de naam JA Events nieuw is op het sportpark \u2018Het Noorderslag\u2019, zijn de mensen achter dit bedrijf al jaren trouwe sponsor bij vv Staphorst en het TOP-Toernooi. Dit deden ze toen&nbsp;eerder onder de naam van Cateringservice De Patrijs\/Koggel Events.&nbsp;Sinds 1 juli van dit jaar is [&hellip;]<\/p>\n","protected":false},"author":1,"featured_media":0,"parent":0,"menu_order":0,"comment_status":"closed","ping_status":"closed","template":"","meta":{"footnotes":""},"class_list":["post-431","page","type-page","status-publish","hentry"],"_links":{"self":[{"href":"https:\/\/finanxe-nederlagen.top-toernooi.nl\/2024\/wp-json\/wp\/v2\/pages\/431","targetHints":{"allow":["GET"]}}],"collection":[{"href":"https:\/\/finanxe-nederlagen.top-toernooi.nl\/2024\/wp-json\/wp\/v2\/pages"}],"about":[{"href":"https:\/\/finanxe-nederlagen.top-toernooi.nl\/2024\/wp-json\/wp\/v2\/types\/page"}],"author":[{"embeddable":true,"href":"https:\/\/finanxe-nederlagen.top-toernooi.nl\/2024\/wp-json\/wp\/v2\/users\/1"}],"replies":[{"embeddable":true,"href":"https:\/\/finanxe-nederlagen.top-toernooi.nl\/2024\/wp-json\/wp\/v2\/comments?post=431"}],"version-history":[{"count":5,"href":"https:\/\/finanxe-nederlagen.top-toernooi.nl\/2024\/wp-json\/wp\/v2\/pages\/431\/revisions"}],"predecessor-version":[{"id":439,"href":"https:\/\/finanxe-nederlagen.top-toernooi.nl\/2024\/wp-json\/wp\/v2\/pages\/431\/revisions\/439"}],"wp:attachment":[{"href":"https:\/\/finanxe-nederlagen.top-toernooi.nl\/2024\/wp-json\/wp\/v2\/media?parent=431"}],"curies":[{"name":"wp","href":"https:\/\/api.w.org\/{rel}","templated":true}]}}